{"id":4106,"date":"2025-07-27T15:42:17","date_gmt":"2025-07-27T13:42:17","guid":{"rendered":"https:\/\/xc2exybuuyq.preview.infomaniak.website\/agricultura-ecologica\/"},"modified":"2025-08-27T07:58:30","modified_gmt":"2025-08-27T05:58:30","slug":"agricultura-ecologica","status":"publish","type":"page","link":"https:\/\/rosas-cantares.com\/es\/agricultura-ecologica\/","title":{"rendered":"Agricultura ecol\u00f3gica"},"content":{"rendered":"\t\t<div data-elementor-type=\"wp-page\" data-elementor-id=\"4106\" class=\"elementor elementor-4106 elementor-3360\" data-elementor-post-type=\"page\">\n\t\t\t\t<div class=\"elementor-element elementor-element-a5bc635 e-con-full hero e-flex e-con e-child\" data-id=\"a5bc635\" data-element_type=\"container\" data-e-type=\"container\" data-settings=\"{&quot;jet_parallax_layout_list&quot;:[]}\">\n\t\t\t\t<div class=\"elementor-element elementor-element-3c45427 elementor-widget elementor-widget-ucaddon_arrow_navigation\" data-id=\"3c45427\" data-element_type=\"widget\" data-e-type=\"widget\" data-widget_type=\"ucaddon_arrow_navigation.default\">\n\t\t\t\t<div class=\"elementor-widget-container\">\n\t\t\t\t\t\n<!-- start Remote Arrows -->\n\t\t<link id='font-awesome-css' href='https:\/\/rosas-cantares.com\/wp-content\/plugins\/unlimited-elements-for-elementor-premium\/assets_libraries\/font-awesome6\/fontawesome-all.min.css' type='text\/css' rel='stylesheet' >\n\t\t<link id='font-awesome-4-shim-css' href='https:\/\/rosas-cantares.com\/wp-content\/plugins\/unlimited-elements-for-elementor-premium\/assets_libraries\/font-awesome6\/fontawesome-v4-shims.min.css' type='text\/css' rel='stylesheet' >\n\n<style>\/* widget: Remote Arrows *\/\n\n.ue-remote-carousel-navigation-wrapper\n{\n  display:flex;\n}\n\n.ue-remote-carousel-navigation-wrapper .ue-remote-arrow\n{\n  border:none;\n  border-color:transparent;\n}\n\n.ue-remote-carousel-navigation-wrapper .ue-remote-arrow:hover\n{\n  background-color:transparent;\n \n}\n\n\n#uc_arrow_navigation_elementor_3c45427\n{\n  display:inline-flex;\n}\n\n#uc_arrow_navigation_elementor_3c45427 .ue-remote-arrow\n{\n  flex-grow:0;\n  flex-shrink:0;\n  transition:0.3s;\n  display:inline-flex;\n  align-items:center;\n  justify-content:center;\n  line-height:1em;\n  cursor:pointer;\n}\n\n\n#uc_arrow_navigation_elementor_3c45427 .ue-remote-arrow .ue-carousel-nav-icon\n{\n  transition:0.3s;\n  line-height:1em;\n}\n\n#uc_arrow_navigation_elementor_3c45427 .ue-remote-arrow .ue-carousel-nav-icon svg\n{\n  transition:0.3s;\n  height:1em;\n  width:1em;\n}\n\n\n#uc_arrow_navigation_elementor_3c45427 .ue-carousel-nav-label\n{\n  transition:0.3s;\n}\n\n#uc_arrow_navigation_elementor_3c45427 .uc-disabled{\n\topacity: 0.3;\n}\n\n<\/style>\n\n<div class=\"ue-remote-carousel-navigation-wrapper\">\n<div id=\"uc_arrow_navigation_elementor_3c45427\" class=\"ue-remote-carousel-navigation\"  data-parentid='first'>\n  \n  \n  \n\t<div class=\"ue-remote-arrow ue-carousel-prev \">\n    <div class=\"ue-carousel-nav-icon\"><i class='iconwebspatz-clean icon-webspatz-cleanleft'><\/i><\/div>\n    \t\n  <\/div>   \n\t\n\n  \n \n\n  <div class=\"ue-remote-arrow ue-carousel-next \">\n        <div class=\"ue-carousel-nav-icon\"><i class='iconwebspatz-clean icon-webspatz-cleanright'><\/i><\/div>\n  <\/div>\n  \n  \n<\/div>\n<\/div>\n<!-- end Remote Arrows -->\t\t\t\t<\/div>\n\t\t\t\t<\/div>\n\t\t\t\t<\/div>\n\t\t\t\t<div class=\"unlimited-elements-background-overlay\" data-forid=\"a5bc635\" data-location=\"back\" style=\"display:none\">\n\t\t\t<template>\n\t\t\t\n<!-- start Background Slider -->\n\t\t<link id='owl-carousel-css' href='https:\/\/rosas-cantares.com\/wp-content\/plugins\/unlimited-elements-for-elementor-premium\/assets_libraries\/owl-carousel-new\/assets\/owl.carousel.css' type='text\/css' rel='stylesheet' >\n\t\t<link id='uc_ac_assets_file_animate_css_77907-css' href='https:\/\/rosas-cantares.com\/wp-content\/uploads\/ac_assets\/background_slider\/animate.css' type='text\/css' rel='stylesheet' >\n\n<style>\/* widget: Background Slider *\/\n\n#uc_background_slider_bg_addon27967\n{\n  position:absolute;\n  top:0px;\n  left:0px;\n  right:0px;\n  bottom:0px;\n  height:100%;\n  overflow:hidden;\n}\n\n#uc_background_slider_bg_addon27967 .owl-carousel\n{\n  position:absolute;\n  top:0px;\n  left:0px;\n  right:0px;\n  bottom:0px;\n  height:100%;\n}\n\n#uc_background_slider_bg_addon27967 .owl-stage-outer\n{\n  position:absolute;\n  top:0px;\n  left:0px;\n  right:0px;\n  bottom:0px;\n  height:100%;\n}\n\n#uc_background_slider_bg_addon27967 .owl-stage\n{\n  position:absolute;\n  top:0px;\n  left:0px;\n  right:0px;\n  bottom:0px;\n  height:100%;\n}\n\n\n#uc_background_slider_bg_addon27967 .owl-carousel .ue-item\n{\n  position:absolute;\n  top:0px;\n  left:0px;\n  right:0px;\n  bottom:0px;\n  height:100%;\n}\n\n#uc_background_slider_bg_addon27967 .owl-carousel .ue-item img\n{\n  position:absolute;\n  top:0px;\n  left:0px;\n  right:0px;\n  bottom:0px;\n  object-fit: cover;\n  height:100%;\n  width:100%;\n}\n\n#uc_background_slider_bg_addon27967 .owl-carousel .ue-item .ue-item-template\n{\n  position:absolute;\n  top:0px;\n  left:0px;\n  right:0px;\n  bottom:0px;\n  object-fit: cover;\n  height:100%;\n  width:100%;\n}\n\n#uc_background_slider_bg_addon27967 .ue-item-inside\n{\n  position:absolute;\n  top:0px;\n  left:0px;\n  right:0px;\n  bottom:0px;\n  height:100%;\n  \n}\n\n\n#uc_background_slider_bg_addon27967 .owl-item\n{\n  height:100%;\n  overflow: hidden;\n}\n\n\n\n\n<\/style>\n\n<div id=\"uc_background_slider_bg_addon27967\" style=\"direction:ltr;\" class=\"ue-slider-bg\">\n\n  <div id=\"uc_background_slider_bg_addon27967_carousel\" class=\"owl-carousel owl-theme  uc-remote-parent \"   data-sync='true' data-syncid='group1' data-remoteid='first' data-widgetname='Background Slider' >\n    <div class=\"ue-item elementor-repeater-item-2c5069d\">\n  <div class=\"ue-item-inside\">\n\t\t<img decoding=\"async\" src=\"https:\/\/rosas-cantares.com\/wp-content\/uploads\/P.6-GREENHOUSE.webp\" class=\"ue-item-bg-slider-img\" alt=\"P\">          <\/div>\n<\/div>\n<div class=\"ue-item elementor-repeater-item-c30027a\">\n  <div class=\"ue-item-inside\">\n\t\t<img decoding=\"async\" src=\"https:\/\/rosas-cantares.com\/wp-content\/uploads\/DSC00094.webp\" class=\"ue-item-bg-slider-img\" alt=\"DSC00094\">          <\/div>\n<\/div>\n<div class=\"ue-item elementor-repeater-item-6a67750\">\n  <div class=\"ue-item-inside\">\n\t\t<img decoding=\"async\" src=\"https:\/\/rosas-cantares.com\/wp-content\/uploads\/p.31-2.webp\" class=\"ue-item-bg-slider-img\" alt=\"p\">          <\/div>\n<\/div>\n<div class=\"ue-item elementor-repeater-item-14d36e9\">\n  <div class=\"ue-item-inside\">\n\t\t<img decoding=\"async\" src=\"https:\/\/rosas-cantares.com\/wp-content\/uploads\/P.29-CORTIJO-LA-ORGANIC-TERRAZA-Y-JARDIN-el-lugar-de-la-estructura-de-hierro.webp\" class=\"ue-item-bg-slider-img\" alt=\"P\">          <\/div>\n<\/div>\n\n   <\/div>\n  \n<\/div>\n<script type=\"text\/javascript\"  id=\"ue_script_background_slider\">\n\n\/* Background Slider scripts: *\/ \n\njQuery(document).ready(function(){\nfunction uc_background_slider_bg_addon27967_start(){\n\t\t\t\n\t\t\n  var objCarousel = jQuery('#uc_background_slider_bg_addon27967_carousel');\n  \n    objCarousel.owlCarousel({\n      loop:true,      \n      autoplay:false,\n      animateIn: 'fadeIn',\n      animateOut: 'fadeOut',\n      autoplayTimeout : 5000,\n      margin:0,\n      nav:false,\n      dots:false,      \n      responsive:{\n        0:{\n          items:1\n        },\n        600:{\n          items:1\n        },\n        1000:{\n          items:1\n        }\n      }\n    });\n  \t\n    \t\t\t\n\t\t\tobjCarousel.trigger(\"uc-object-ready\");\n\t\t\tjQuery(document).trigger(\"uc-remote-parent-init\", [objCarousel]);\n\t\t\t      \t\n   \n    \t\n}if(jQuery(\"#uc_background_slider_bg_addon27967\").length && !jQuery(\"#uc_background_slider_bg_addon27967\").parents('[data-elementor-type=\"popup\"]').length) uc_background_slider_bg_addon27967_start();\n\tjQuery( document ).on( 'elementor\/popup\/show', (event, id, objPopup) => {\n\tif(objPopup.$element.has(jQuery(\"#uc_background_slider_bg_addon27967\")).length) uc_background_slider_bg_addon27967_start()});\n});\n\t\t\t\n<\/script>\n<!-- end Background Slider -->\t\t\t<\/template>\n\t\t<\/div>\n\t\t\n\t\t<div class=\"elementor-element elementor-element-7452ab9b animated-slow webspatz-fade-in e-flex e-con-boxed e-con e-parent\" data-id=\"7452ab9b\" data-element_type=\"container\" data-e-type=\"container\" data-settings=\"{&quot;animation&quot;:&quot;none&quot;,&quot;animation_delay&quot;:0.5,&quot;jet_parallax_layout_list&quot;:[]}\">\n\t\t\t\t\t<div class=\"e-con-inner\">\n\t\t<div class=\"elementor-element elementor-element-2ccc0405 e-con-full e-flex e-con e-child\" data-id=\"2ccc0405\" data-element_type=\"container\" data-e-type=\"container\" data-settings=\"{&quot;jet_parallax_layout_list&quot;:[]}\">\n\t\t\t\t<div class=\"elementor-element elementor-element-70ae9cf elementor-widget elementor-widget-heading\" data-id=\"70ae9cf\" data-element_type=\"widget\" data-e-type=\"widget\" data-widget_type=\"heading.default\">\n\t\t\t\t<div class=\"elementor-widget-container\">\n\t\t\t\t\t<h1 class=\"elementor-heading-title elementor-size-default\">Agroturismo en el interior de Andaluc\u00eda<\/h1>\t\t\t\t<\/div>\n\t\t\t\t<\/div>\n\t\t\t\t<div class=\"elementor-element elementor-element-90070cf elementor-widget elementor-widget-heading\" data-id=\"90070cf\" data-element_type=\"widget\" data-e-type=\"widget\" data-widget_type=\"heading.default\">\n\t\t\t\t<div class=\"elementor-widget-container\">\n\t\t\t\t\t<h3 class=\"elementor-heading-title elementor-size-default\">Aceitunas ecol\u00f3gicas y fruta ecol\u00f3gica de producci\u00f3n propia  <\/h3>\t\t\t\t<\/div>\n\t\t\t\t<\/div>\n\t\t<div class=\"elementor-element elementor-element-4ad115c e-grid e-con-full e-con e-child\" data-id=\"4ad115c\" data-element_type=\"container\" data-e-type=\"container\" data-settings=\"{&quot;jet_parallax_layout_list&quot;:[]}\">\n\t\t\t\t<div class=\"elementor-element elementor-element-dff6353 elementor-widget elementor-widget-text-editor\" data-id=\"dff6353\" data-element_type=\"widget\" data-e-type=\"widget\" data-widget_type=\"text-editor.default\">\n\t\t\t\t<div class=\"elementor-widget-container\">\n\t\t\t\t\t\t\t\t\t<p>En Rosas-Cantares se practica una agricultura activa, igual que hace 200 a\u00f1os. A diferencia del pasado, los olivares y huertos se explotan ahora de forma ecol\u00f3gica y el ganado Limus\u00edn se cr\u00eda de forma ecol\u00f3gica. Tradicionalmente, las aceitunas se arrancan cuidadosamente de las ramas con un palo, una experiencia fascinante que puedes vivir de cerca. Producimos nuestro propio aceite de oliva ecol\u00f3gico certificado con cuidado y amor. Puedes saborear la calidad en cada gota.<\/p><p> <br>En la regi\u00f3n se han conservado las tradiciones de culturas pasadas, como la viticultura y la olivicultura. Los vi\u00f1edos de los alrededores producen excelentes vinos que reflejan los aut\u00e9nticos sabores del sur de Espa\u00f1a. Prueba los vinos andaluces con cuerpo directamente del productor y ad\u00e9ntrate en el arte de la viticultura.<\/p>\t\t\t\t\t\t\t\t<\/div>\n\t\t\t\t<\/div>\n\t\t\t\t<div class=\"elementor-element elementor-element-2c0a46b elementor-widget elementor-widget-image\" data-id=\"2c0a46b\" data-element_type=\"widget\" data-e-type=\"widget\" data-widget_type=\"image.default\">\n\t\t\t\t<div class=\"elementor-widget-container\">\n\t\t\t\t\t\t\t\t\t\t\t\t\t\t\t<img fetchpriority=\"high\" decoding=\"async\" width=\"1920\" height=\"1282\" src=\"https:\/\/rosas-cantares.com\/wp-content\/uploads\/p.31-3.webp\" class=\"attachment-large size-large wp-image-1130\" alt=\"\" srcset=\"https:\/\/rosas-cantares.com\/wp-content\/uploads\/p.31-3.webp 1920w, https:\/\/rosas-cantares.com\/wp-content\/uploads\/p.31-3-768x513.webp 768w, https:\/\/rosas-cantares.com\/wp-content\/uploads\/p.31-3-1536x1026.webp 1536w\" sizes=\"(max-width: 1920px) 100vw, 1920px\">\t\t\t\t\t\t\t\t\t\t\t\t\t\t\t<\/div>\n\t\t\t\t<\/div>\n\t\t\t\t<\/div>\n\t\t\t\t<\/div>\n\t\t\t\t\t<\/div>\n\t\t\t\t<\/div>\n\t\t<div class=\"elementor-element elementor-element-57bc462 pad-t-m pad-b-l webspatz-fade-in animated-slow e-flex e-con-boxed e-con e-parent\" data-id=\"57bc462\" data-element_type=\"container\" data-e-type=\"container\" data-settings=\"{&quot;animation&quot;:&quot;none&quot;,&quot;animation_delay&quot;:0.5,&quot;jet_parallax_layout_list&quot;:[],&quot;background_background&quot;:&quot;classic&quot;}\">\n\t\t\t\t\t<div class=\"e-con-inner\">\n\t\t\t\t<div class=\"elementor-element elementor-element-8b82e2f elementor-widget elementor-widget-heading\" data-id=\"8b82e2f\" data-element_type=\"widget\" data-e-type=\"widget\" data-widget_type=\"heading.default\">\n\t\t\t\t<div class=\"elementor-widget-container\">\n\t\t\t\t\t<h2 class=\"elementor-heading-title elementor-size-default\">Eventos activos<\/h2>\t\t\t\t<\/div>\n\t\t\t\t<\/div>\n\t\t\t\t<div class=\"elementor-element elementor-element-42f94c5 elementor-widget elementor-widget-jet-listing-grid\" data-id=\"42f94c5\" data-element_type=\"widget\" data-e-type=\"widget\" data-settings=\"{&quot;columns_tablet_extra&quot;:&quot;3&quot;,&quot;columns_tablet&quot;:&quot;2&quot;,&quot;columns_mobile&quot;:&quot;1&quot;,&quot;columns&quot;:&quot;3&quot;,&quot;columns_mobile_extra&quot;:&quot;2&quot;}\" data-widget_type=\"jet-listing-grid.default\">\n\t\t\t\t<div class=\"elementor-widget-container\">\n\t\t\t\t\t<div class=\"jet-listing-grid jet-listing\"><div class=\"jet-listing-not-found jet-listing-grid__items\" data-nav=\"{&quot;enabled&quot;:true,&quot;type&quot;:&quot;scroll&quot;,&quot;more_el&quot;:null,&quot;query&quot;:{&quot;query_id&quot;:5,&quot;posts_per_page&quot;:10,&quot;signature&quot;:&quot;f153ba759fc3ae925799dde58f512cbc482402aa3a7571e02feacd0cf1a0db28&quot;},&quot;widget_settings&quot;:{&quot;lisitng_id&quot;:3074,&quot;posts_num&quot;:10,&quot;columns&quot;:3,&quot;columns_tablet&quot;:2,&quot;columns_mobile&quot;:1,&quot;column_min_width&quot;:240,&quot;column_min_width_tablet&quot;:240,&quot;column_min_width_mobile&quot;:240,&quot;inline_columns_css&quot;:false,&quot;is_archive_template&quot;:&quot;&quot;,&quot;post_status&quot;:[&quot;publish&quot;],&quot;use_random_posts_num&quot;:&quot;&quot;,&quot;max_posts_num&quot;:9,&quot;not_found_message&quot;:&quot;No se han encontrado contribuciones&quot;,&quot;is_masonry&quot;:true,&quot;equal_columns_height&quot;:&quot;&quot;,&quot;use_load_more&quot;:&quot;yes&quot;,&quot;load_more_id&quot;:&quot;&quot;,&quot;load_more_type&quot;:&quot;scroll&quot;,&quot;load_more_offset&quot;:{&quot;unit&quot;:&quot;px&quot;,&quot;size&quot;:0,&quot;sizes&quot;:[]},&quot;use_custom_post_types&quot;:&quot;&quot;,&quot;custom_post_types&quot;:[],&quot;hide_widget_if&quot;:&quot;&quot;,&quot;carousel_enabled&quot;:&quot;&quot;,&quot;slides_to_scroll&quot;:&quot;1&quot;,&quot;arrows&quot;:&quot;true&quot;,&quot;arrow_icon&quot;:&quot;fa fa-angle-left&quot;,&quot;dots&quot;:&quot;&quot;,&quot;autoplay&quot;:&quot;true&quot;,&quot;pause_on_hover&quot;:&quot;true&quot;,&quot;autoplay_speed&quot;:5000,&quot;infinite&quot;:&quot;true&quot;,&quot;center_mode&quot;:&quot;&quot;,&quot;effect&quot;:&quot;slide&quot;,&quot;speed&quot;:500,&quot;inject_alternative_items&quot;:&quot;&quot;,&quot;injection_items&quot;:[],&quot;scroll_slider_enabled&quot;:&quot;&quot;,&quot;scroll_slider_on&quot;:[&quot;desktop&quot;,&quot;tablet&quot;,&quot;mobile&quot;],&quot;custom_query&quot;:&quot;yes&quot;,&quot;custom_query_id&quot;:&quot;5&quot;,&quot;_element_id&quot;:&quot;&quot;,&quot;collapse_first_last_gap&quot;:false,&quot;list_tag_selection&quot;:&quot;&quot;,&quot;list_items_wrapper_tag&quot;:&quot;div&quot;,&quot;list_item_tag&quot;:&quot;div&quot;,&quot;empty_items_wrapper_tag&quot;:&quot;div&quot;}}\" data-listing-source=\"query\" data-listing-id=\"3074\" data-query-id=\"5\" data-masonry-grid-options=\"{&quot;columns&quot;:{&quot;desktop&quot;:3,&quot;tablet&quot;:2,&quot;mobile&quot;:1}}\" data-queried-id=\"4106|WP_Post\">No se han encontrado contribuciones<\/div><\/div>\t\t\t\t<\/div>\n\t\t\t\t<\/div>\n\t\t\t\t<div class=\"elementor-element elementor-element-8627ab7 elementor-widget elementor-widget-button\" data-id=\"8627ab7\" data-element_type=\"widget\" data-e-type=\"widget\" data-widget_type=\"button.default\">\n\t\t\t\t<div class=\"elementor-widget-container\">\n\t\t\t\t\t\t\t\t\t<div class=\"elementor-button-wrapper\">\n\t\t\t\t\t<a class=\"elementor-button elementor-button-link elementor-size-sm\" href=\"https:\/\/rosas-cantares.com\/blog\/\">\n\t\t\t\t\t\t<span class=\"elementor-button-content-wrapper\">\n\t\t\t\t\t\t<span class=\"elementor-button-icon\">\n\t\t\t\t<svg xmlns=\"http:\/\/www.w3.org\/2000\/svg\" xmlns:xlink=\"http:\/\/www.w3.org\/1999\/xlink\" id=\"Ebene_1\" x=\"0px\" y=\"0px\" viewBox=\"0 0 512 512\" style=\"enable-background:new 0 0 512 512;\" xml:space=\"preserve\"><g id=\"Layer_1\">\t<path d=\"M32,266.6h418.9L302.6,386.3c-4.6,3.7-5.3,10.4-1.6,15c3.7,4.6,10.4,5.3,15,1.6l170-137.2c0.5-0.4,4.6-3.9,4.6-9.7  c0-5.9-4.1-9.3-4.7-9.8L316,109c-4.6-3.7-11.3-2.9-15,1.6c-3.7,4.5-3,11.3,1.6,15l148.3,119.7H32c-5.9,0-10.7,4.8-10.7,10.7  S26.1,266.6,32,266.6L32,266.6z\"><\/path><\/g><\/svg>\t\t\t<\/span>\n\t\t\t\t\t\t\t\t\t<span class=\"elementor-button-text\">todas las noticias<\/span>\n\t\t\t\t\t<\/span>\n\t\t\t\t\t<\/a>\n\t\t\t\t<\/div>\n\t\t\t\t\t\t\t\t<\/div>\n\t\t\t\t<\/div>\n\t\t\t\t\t<\/div>\n\t\t\t\t<\/div>\n\t\t\t\t<\/div>\n\t\t","protected":false},"excerpt":{"rendered":"<p>Agroturismo en el interior de Andaluc\u00eda Aceitunas ecol\u00f3gicas y fruta ecol\u00f3gica de producci\u00f3n propia En Rosas-Cantares se practica una agricultura activa, igual que hace 200 a\u00f1os. A diferencia del pasado, los olivares y huertos se explotan ahora de forma ecol\u00f3gica y el ganado Limus\u00edn se cr\u00eda de forma ecol\u00f3gica. Tradicionalmente, las aceitunas se arrancan cuidadosamente [&hellip;]<\/p>\n","protected":false},"author":3,"featured_media":0,"parent":0,"menu_order":0,"comment_status":"closed","ping_status":"closed","template":"","meta":{"iawp_total_views":35,"footnotes":""},"class_list":["post-4106","page","type-page","status-publish","hentry"],"_links":{"self":[{"href":"https:\/\/rosas-cantares.com\/es\/wp-json\/wp\/v2\/pages\/4106","targetHints":{"allow":["GET"]}}],"collection":[{"href":"https:\/\/rosas-cantares.com\/es\/wp-json\/wp\/v2\/pages"}],"about":[{"href":"https:\/\/rosas-cantares.com\/es\/wp-json\/wp\/v2\/types\/page"}],"author":[{"embeddable":true,"href":"https:\/\/rosas-cantares.com\/es\/wp-json\/wp\/v2\/users\/3"}],"replies":[{"embeddable":true,"href":"https:\/\/rosas-cantares.com\/es\/wp-json\/wp\/v2\/comments?post=4106"}],"version-history":[{"count":9,"href":"https:\/\/rosas-cantares.com\/es\/wp-json\/wp\/v2\/pages\/4106\/revisions"}],"predecessor-version":[{"id":4641,"href":"https:\/\/rosas-cantares.com\/es\/wp-json\/wp\/v2\/pages\/4106\/revisions\/4641"}],"wp:attachment":[{"href":"https:\/\/rosas-cantares.com\/es\/wp-json\/wp\/v2\/media?parent=4106"}],"curies":[{"name":"wp","href":"https:\/\/api.w.org\/{rel}","templated":true}]}}