{"id":4210,"date":"2024-01-03T11:34:13","date_gmt":"2024-01-03T10:34:13","guid":{"rendered":"https:\/\/xc2exybuuyq.preview.infomaniak.website\/pie-de-imprenta\/"},"modified":"2026-01-19T10:57:21","modified_gmt":"2026-01-19T09:57:21","slug":"pie-de-imprenta","status":"publish","type":"page","link":"https:\/\/rosas-cantares.com\/es\/pie-de-imprenta\/","title":{"rendered":"Pie de imprenta"},"content":{"rendered":"\t\t<div data-elementor-type=\"wp-page\" data-elementor-id=\"4210\" class=\"elementor elementor-4210 elementor-104\" data-elementor-post-type=\"page\">\n\t\t\t\t<div class=\"elementor-element elementor-element-ec62c5e e-con-full hero e-flex e-con e-child\" data-id=\"ec62c5e\" data-element_type=\"container\" data-e-type=\"container\" data-settings=\"{&quot;jet_parallax_layout_list&quot;:[]}\">\n\t\t\t\t<\/div>\n\t\t\t\t<div class=\"unlimited-elements-background-overlay\" data-forid=\"ec62c5e\" data-location=\"back\" style=\"display:none\">\n\t\t\t<template>\n\t\t\t\n<!-- start Background Slider -->\n\t\t<link id='owl-carousel-css' href='https:\/\/rosas-cantares.com\/wp-content\/plugins\/unlimited-elements-for-elementor-premium\/assets_libraries\/owl-carousel-new\/assets\/owl.carousel.css' type='text\/css' rel='stylesheet' >\n\t\t<link id='uc_ac_assets_file_animate_css_77907-css' href='https:\/\/rosas-cantares.com\/wp-content\/uploads\/ac_assets\/background_slider\/animate.css' type='text\/css' rel='stylesheet' >\n\n<style>\/* widget: Background Slider *\/\n\n#uc_background_slider_bg_addon17807\n{\n  position:absolute;\n  top:0px;\n  left:0px;\n  right:0px;\n  bottom:0px;\n  height:100%;\n  overflow:hidden;\n}\n\n#uc_background_slider_bg_addon17807 .owl-carousel\n{\n  position:absolute;\n  top:0px;\n  left:0px;\n  right:0px;\n  bottom:0px;\n  height:100%;\n}\n\n#uc_background_slider_bg_addon17807 .owl-stage-outer\n{\n  position:absolute;\n  top:0px;\n  left:0px;\n  right:0px;\n  bottom:0px;\n  height:100%;\n}\n\n#uc_background_slider_bg_addon17807 .owl-stage\n{\n  position:absolute;\n  top:0px;\n  left:0px;\n  right:0px;\n  bottom:0px;\n  height:100%;\n}\n\n\n#uc_background_slider_bg_addon17807 .owl-carousel .ue-item\n{\n  position:absolute;\n  top:0px;\n  left:0px;\n  right:0px;\n  bottom:0px;\n  height:100%;\n}\n\n#uc_background_slider_bg_addon17807 .owl-carousel .ue-item img\n{\n  position:absolute;\n  top:0px;\n  left:0px;\n  right:0px;\n  bottom:0px;\n  object-fit: cover;\n  height:100%;\n  width:100%;\n}\n\n#uc_background_slider_bg_addon17807 .owl-carousel .ue-item .ue-item-template\n{\n  position:absolute;\n  top:0px;\n  left:0px;\n  right:0px;\n  bottom:0px;\n  object-fit: cover;\n  height:100%;\n  width:100%;\n}\n\n#uc_background_slider_bg_addon17807 .ue-item-inside\n{\n  position:absolute;\n  top:0px;\n  left:0px;\n  right:0px;\n  bottom:0px;\n  height:100%;\n  \n}\n\n\n#uc_background_slider_bg_addon17807 .owl-item\n{\n  height:100%;\n  overflow: hidden;\n}\n\n\n\n\n<\/style>\n\n<div id=\"uc_background_slider_bg_addon17807\" style=\"direction:ltr;\" class=\"ue-slider-bg\">\n\n  <div id=\"uc_background_slider_bg_addon17807_carousel\" class=\"owl-carousel owl-theme  uc-remote-parent \"   data-sync='true' data-syncid='group1' data-remoteid='first' data-widgetname='Background Slider' >\n    <div class=\"ue-item elementor-repeater-item-2c5069d\">\n  <div class=\"ue-item-inside\">\n\t\t<img decoding=\"async\" src=\"https:\/\/rosas-cantares.com\/wp-content\/uploads\/DSC00030.webp\" class=\"ue-item-bg-slider-img\" alt=\"DSC00030\">          <\/div>\n<\/div>\n\n   <\/div>\n  \n<\/div>\n<script type=\"text\/javascript\"  id=\"ue_script_background_slider\">\n\n\/* Background Slider scripts: *\/ \n\njQuery(document).ready(function(){\nfunction uc_background_slider_bg_addon17807_start(){\n\t\t\t\n\t\t\n  var objCarousel = jQuery('#uc_background_slider_bg_addon17807_carousel');\n  \n    objCarousel.owlCarousel({\n      loop:true,      \n      autoplay:false,\n      animateIn: 'fadeIn',\n      animateOut: 'fadeOut',\n      autoplayTimeout : 5000,\n      margin:0,\n      nav:false,\n      dots:false,      \n      responsive:{\n        0:{\n          items:1\n        },\n        600:{\n          items:1\n        },\n        1000:{\n          items:1\n        }\n      }\n    });\n  \t\n    \t\t\t\n\t\t\tobjCarousel.trigger(\"uc-object-ready\");\n\t\t\tjQuery(document).trigger(\"uc-remote-parent-init\", [objCarousel]);\n\t\t\t      \t\n   \n    \t\n}if(jQuery(\"#uc_background_slider_bg_addon17807\").length && !jQuery(\"#uc_background_slider_bg_addon17807\").parents('[data-elementor-type=\"popup\"]').length) uc_background_slider_bg_addon17807_start();\n\tjQuery( document ).on( 'elementor\/popup\/show', (event, id, objPopup) => {\n\tif(objPopup.$element.has(jQuery(\"#uc_background_slider_bg_addon17807\")).length) uc_background_slider_bg_addon17807_start()});\n});\n\t\t\t\n<\/script>\n<!-- end Background Slider -->\t\t\t<\/template>\n\t\t<\/div>\n\t\t\n\t\t<div class=\"elementor-element elementor-element-acb3b8e animated-slow webspatz-fade-in pad-b-l e-flex e-con-boxed e-con e-parent\" data-id=\"acb3b8e\" data-element_type=\"container\" data-e-type=\"container\" data-settings=\"{&quot;animation&quot;:&quot;none&quot;,&quot;animation_delay&quot;:0.5,&quot;jet_parallax_layout_list&quot;:[]}\">\n\t\t\t\t\t<div class=\"e-con-inner\">\n\t\t<div class=\"elementor-element elementor-element-f41cc2d e-con-full e-flex e-con e-child\" data-id=\"f41cc2d\" data-element_type=\"container\" data-e-type=\"container\" data-settings=\"{&quot;jet_parallax_layout_list&quot;:[]}\">\n\t\t\t\t<div class=\"elementor-element elementor-element-ac76bfe elementor-widget elementor-widget-heading\" data-id=\"ac76bfe\" data-element_type=\"widget\" data-e-type=\"widget\" data-widget_type=\"heading.default\">\n\t\t\t\t<div class=\"elementor-widget-container\">\n\t\t\t\t\t<h1 class=\"elementor-heading-title elementor-size-default\">Pie de imprenta<\/h1>\t\t\t\t<\/div>\n\t\t\t\t<\/div>\n\t\t\t\t<div class=\"elementor-element elementor-element-64414b63 pad-t-s elementor-widget elementor-widget-text-editor\" data-id=\"64414b63\" data-element_type=\"widget\" data-e-type=\"widget\" data-widget_type=\"text-editor.default\">\n\t\t\t\t<div class=\"elementor-widget-container\">\n\t\t\t\t\t\t\t\t\t<p><strong>Responsable de todos los contenidos de este sitio web:<\/strong><\/p><p>Cortijo Rosas Cantares<br>A-357 \/ Km 37 Pizarra<br>29560 M\u00e1laga Espa\u00f1a<\/p><p><a href=\"tel:+34691741010\">+34 691 741 010<\/a><br><a href=\"mailto:reservations@rosas-cantares.com\">reservations@rosas-cantares.com<\/a><\/p><p><strong>Descargo de responsabilidad<br><\/strong>El autor no asume ninguna responsabilidad por la correcci\u00f3n, exactitud, actualidad, fiabilidad e integridad de la informaci\u00f3n proporcionada. Quedan excluidas las reclamaciones de responsabilidad contra el autor por da\u00f1os de naturaleza material o inmaterial derivados del acceso a la informaci\u00f3n publicada, de su uso o no uso, del mal uso de la conexi\u00f3n o de fallos t\u00e9cnicos. Todas las ofertas son sin compromiso. El autor se reserva expresamente el derecho a modificar, completar o eliminar partes de las p\u00e1ginas o toda la oferta sin previo aviso o a suspender temporal o definitivamente la publicaci\u00f3n.   <\/p><p><strong>Responsabilidad de los enlaces<br><\/strong>Las referencias y enlaces a sitios web de terceros quedan fuera de nuestro \u00e1mbito de responsabilidad. Se rechaza cualquier responsabilidad sobre dichos sitios web. El acceso y uso de dichos sitios web se realiza por cuenta y riesgo del usuario.  <\/p><p><strong>Copyright<br><\/strong>El copyright y todos los dem\u00e1s derechos sobre el contenido, im\u00e1genes, fotos u otros archivos del sitio web pertenecen exclusivamente al autor o a los titulares de los derechos espec\u00edficamente mencionados. Para la reproducci\u00f3n de cualquier elemento debe obtenerse previamente el consentimiento por escrito del titular de los derechos de autor. <\/p>\t\t\t\t\t\t\t\t<\/div>\n\t\t\t\t<\/div>\n\t\t\t\t<\/div>\n\t\t\t\t\t<\/div>\n\t\t\t\t<\/div>\n\t\t\t\t<\/div>\n\t\t","protected":false},"excerpt":{"rendered":"<p>Pie de imprenta Responsable de todos los contenidos de este sitio web: Cortijo Rosas CantaresA-357 \/ Km 37 Pizarra29560 M\u00e1laga Espa\u00f1a +34 691 741 010reservations@rosas-cantares.com Descargo de responsabilidadEl autor no asume ninguna responsabilidad por la correcci\u00f3n, exactitud, actualidad, fiabilidad e integridad de la informaci\u00f3n proporcionada. Quedan excluidas las reclamaciones de responsabilidad contra el autor por [&hellip;]<\/p>\n","protected":false},"author":3,"featured_media":0,"parent":0,"menu_order":0,"comment_status":"closed","ping_status":"closed","template":"","meta":{"iawp_total_views":5,"footnotes":""},"class_list":["post-4210","page","type-page","status-publish","hentry"],"_links":{"self":[{"href":"https:\/\/rosas-cantares.com\/es\/wp-json\/wp\/v2\/pages\/4210","targetHints":{"allow":["GET"]}}],"collection":[{"href":"https:\/\/rosas-cantares.com\/es\/wp-json\/wp\/v2\/pages"}],"about":[{"href":"https:\/\/rosas-cantares.com\/es\/wp-json\/wp\/v2\/types\/page"}],"author":[{"embeddable":true,"href":"https:\/\/rosas-cantares.com\/es\/wp-json\/wp\/v2\/users\/3"}],"replies":[{"embeddable":true,"href":"https:\/\/rosas-cantares.com\/es\/wp-json\/wp\/v2\/comments?post=4210"}],"version-history":[{"count":3,"href":"https:\/\/rosas-cantares.com\/es\/wp-json\/wp\/v2\/pages\/4210\/revisions"}],"predecessor-version":[{"id":4730,"href":"https:\/\/rosas-cantares.com\/es\/wp-json\/wp\/v2\/pages\/4210\/revisions\/4730"}],"wp:attachment":[{"href":"https:\/\/rosas-cantares.com\/es\/wp-json\/wp\/v2\/media?parent=4210"}],"curies":[{"name":"wp","href":"https:\/\/api.w.org\/{rel}","templated":true}]}}